{"id":2889,"date":"2018-12-02T21:00:14","date_gmt":"2018-12-02T20:00:14","guid":{"rendered":"http:\/\/bpoint.sk\/martikomerc\/?page_id=2889"},"modified":"2026-03-31T15:49:36","modified_gmt":"2026-03-31T13:49:36","slug":"produkty","status":"publish","type":"page","link":"https:\/\/martikomerc.sk\/index.php\/sk\/produkty\/","title":{"rendered":"Produkty"},"content":{"rendered":"<p>[vc_row css=&#8221;.vc_custom_1774964970800{padding-top: 25px !important;}&#8221;][vc_column][vc_column_text]Spolo\u010dnos\u0165 Martikomerc dod\u00e1va <strong>kompletn\u00fd sortiment hydraulick\u00fdch \u010derpadiel<\/strong>, <strong>motorov<\/strong>, <strong>ventilov<\/strong> a <strong>n\u00e1hradn\u00fdch<\/strong> <strong>dielov<\/strong> od popredn\u00fdch svetov\u00fdch v\u00fdrobcov. M\u00e1me <strong>na sklade origin\u00e1lne produkty<\/strong> OEM a <strong>kvalitn\u00e9<\/strong> <strong>n\u00e1hradn\u00e9<\/strong> <strong>komponenty<\/strong>, ktor\u00e9 s\u00fa <strong>k dispoz\u00edcii s r\u00fdchlym doru\u010den\u00edm<\/strong> do cel\u00e9ho sveta, po Slovensku zvy\u010dajne do 2dn\u00ed. Prezrite si n\u00e1\u0161 sortiment produktov ni\u017e\u0161ie alebo n\u00e1s kontaktujte s \u010d\u00edslom dielu alebo \u0161pecifik\u00e1ciou a z\u00edskajte <strong>konkurencieschopn\u00fa cenov\u00fa ponuku<\/strong>.[\/vc_column_text][\/vc_column][\/vc_row][vc_row][vc_column][vc_custom_heading text=&#8221;Danfoss a Sauer-Danfoss&#8221; google_fonts=&#8221;font_family:Oswald%3A300%2Cregular%2C700|font_style:400%20regular%3A400%3Anormal&#8221;][\/vc_column][\/vc_row][vc_row][vc_column][vc_empty_space][\/vc_column][\/vc_row][vc_row][vc_column width=&#8221;1\/3&#8243;][vc_single_image image=&#8221;2792&#8243; img_size=&#8221;full&#8221;][\/vc_column][vc_column width=&#8221;1\/3&#8243;][vc_single_image image=&#8221;2796&#8243; img_size=&#8221;full&#8221;][\/vc_column][vc_column width=&#8221;1\/3&#8243;][vc_single_image image=&#8221;2797&#8243; img_size=&#8221;full&#8221;][\/vc_column][\/vc_row][vc_row][vc_column width=&#8221;1\/3&#8243;][vc_single_image image=&#8221;2799&#8243; img_size=&#8221;full&#8221;][\/vc_column][vc_column width=&#8221;1\/3&#8243;][vc_single_image image=&#8221;2795&#8243; img_size=&#8221;full&#8221;][\/vc_column][vc_column width=&#8221;1\/3&#8243;][vc_single_image image=&#8221;2798&#8243; img_size=&#8221;full&#8221;][\/vc_column][\/vc_row][vc_row][vc_column width=&#8221;1\/2&#8243;][vc_empty_space][vc_column_text css=&#8221;.vc_custom_1774963082638{padding-top: 20px !important;padding-right: 20px !important;padding-bottom: 20px !important;padding-left: 20px !important;background-color: rgba(224,224,224,0.34) !important;*background-color: rgb(224,224,224) !important;}&#8221;]<\/p>\n<h3 style=\"text-align: left;\">Pon\u00fakame v\u00e1m kompletn\u00fd sortiment produktov Danfoss<\/h3>\n<p>a Sauer-Danfoss vr\u00e1tane <strong>axi\u00e1lnych piestov\u00fdch \u010derpadiel<\/strong> a <strong>motorov<\/strong> pre <strong>uzavret\u00fd<\/strong> a <strong>otvoren\u00fd<\/strong> <strong>obvod<\/strong> (H1, S90, S51, S40, S42&#8230;) L\/C motory, LPV, S45, <strong>ventiov PVG<\/strong>, <strong>zubov\u00fdch \u010derpadiel<\/strong> a motorov Turolla, <strong>orbit\u00e1lnych motorov<\/strong> (OML, OMM, OMP, OMR, OMH, OMEW, OMS, OMT, OMV, TMK, TMT, TMVW&#8230;) hydrostatick\u00fdch syst\u00e9mov riadenia OSPM, OSPB, OSPC, OSPF, OSPD, OLS, OV, EHPS, sn\u00edma\u010dov riadenia, striedav\u00fdch elektromotorov, ovl\u00e1da\u010dov PLUS+1\u2122 (mobiln\u00e1 elektronika), displejov, joystickov, senzorov, meni\u010dov, softv\u00e9ru, PLUS+1\u2122, a to bu\u010f ako komponenty, alebo ako integrovan\u00e9 syst\u00e9my.<\/p>\n<p>Dod\u00e1vame origin\u00e1lne komponenty a poskytujeme opravy, n\u00e1hradn\u00e9 diely a technick\u00fa podporu pre cel\u00fd sortiment produktov Danfoss\/Sauer-Danfoss.[\/vc_column_text][\/vc_column][vc_column width=&#8221;1\/2&#8243;]\r<!-- rt-button2 -->\r<div class=\"rt-button2 element-two hover-style-three ex0a4eb1cdb324023  \"  data-button-direction=\"center\" data-button-fullwidth=\"false\"  data-button-icon-position=\"left\"><a style=\"font-family:Oswald; font-weight:400; font-style:normal; \" class=\"rt-button2-main  vc_custom_1774963109989\" href=\"https:\/\/www.danfoss.com\/en\/about-danfoss\/our-businesses\/power-solutions\/\" title=\"\" target=\" _blank\" rel=\"noopener\"><div class=\"overlay\"><\/div><div class=\"placeholder\"><i class=\"fa fa-plus\"><\/i>Pre viac inform\u00e1cii kliknite TU<\/div><\/a><\/div>\r<!-- rt-button2 -->\r[\/vc_column][\/vc_row][vc_section full_width=&#8221;stretch_row&#8221; css=&#8221;.vc_custom_1521545672392{margin-top: 0px !important;margin-bottom: 0px !important;padding-top: 0px !important;padding-bottom: 0px !important;background-color: #ffffff !important;}&#8221;][vc_row][vc_column][vc_empty_space height=&#8221;5px&#8221; css=&#8221;.vc_custom_1542487423591{background-color: #dd3333 !important;}&#8221;][vc_empty_space height=&#8221;5px&#8221; css=&#8221;.vc_custom_1542487423591{background-color: #dd3333 !important;}&#8221;][vc_empty_space][vc_custom_heading text=&#8221;N\u00e1hrady pre Danfoss, Sauer-Danfoss \u010derpadl\u00e1 SPV, motory SMF and prevodovky<br \/>\nTMG&#8221; google_fonts=&#8221;font_family:Oswald%3A300%2Cregular%2C700|font_style:400%20regular%3A400%3Anormal&#8221;][vc_empty_space][\/vc_column][\/vc_row][\/vc_section][vc_row][vc_column width=&#8221;1\/3&#8243;][vc_single_image image=&#8221;2767&#8243; img_size=&#8221;full&#8221;][\/vc_column][vc_column width=&#8221;1\/3&#8243;][vc_single_image image=&#8221;2769&#8243; img_size=&#8221;full&#8221;][\/vc_column][vc_column width=&#8221;1\/3&#8243;][vc_single_image image=&#8221;2765&#8243; img_size=&#8221;full&#8221;][\/vc_column][\/vc_row][vc_row][vc_column width=&#8221;1\/2&#8243;][vc_empty_space][vc_column_text css=&#8221;.vc_custom_1774963362064{padding-top: 20px !important;padding-right: 20px !important;padding-bottom: 20px !important;padding-left: 20px !important;background-color: rgba(224,224,224,0.34) !important;*background-color: rgb(224,224,224) !important;}&#8221;]<\/p>\n<h3 style=\"text-align: left;\">Montujeme<\/h3>\n<p style=\"text-align: left;\">n\u00e1hrady pre<strong> axi\u00e1lne piestov\u00e9 variabiln\u00e9 \u010derpadl\u00e1<\/strong> Danfoss, Sauer-Danfoss <strong>SPV<\/strong>, <strong>axi\u00e1lne piestov\u00e9 fixn\u00e9 motory SMF, OMF<\/strong> a <strong>variabiln\u00e9 motory SMV<\/strong> <strong>s\u00e9rie 20 ve\u013ekost\u00ed 20 \u2013 27<\/strong>. Pon\u00fakame V\u00e1m kompletn\u00fd sortiment t\u00fdchto kompletn\u00fdch jednotiek ako <strong>aj ich n\u00e1hradn\u00fdch dielov SKLADOM.<\/strong> Taktie\u017e pon\u00fakame <strong>n\u00e1hrady pre prevodovky<\/strong> Sauer-Danfoss <strong>TMG<\/strong> pou\u017e\u00edvan\u00e9 v domie\u0161ava\u010doch bet\u00f3nu.<\/p>\n<p>[\/vc_column_text][\/vc_column][vc_column width=&#8221;1\/2&#8243; css=&#8221;.vc_custom_1543266566398{margin-top: 50px !important;}&#8221;]\r<!-- rt-button2 -->\r<div class=\"rt-button2 element-two hover-style-three ex20e2b628634d6f4  \"  data-button-direction=\"center\" data-button-fullwidth=\"false\"  data-button-icon-position=\"left\"><a style=\"font-family:Oswald; font-weight:400; font-style:normal; \" class=\"rt-button2-main  vc_custom_1774963422671\" href=\"https:\/\/martikomerc.sk\/index.php\/sauer-spv-smf-pumps-motors\/\" title=\"\" target=\" _blank\"><div class=\"overlay\"><\/div><div class=\"placeholder\"><i class=\"fa fa-plus\"><\/i>Kliknite TU pre inform\u00e1cie o \u010derpadl\u00e1ch<\/div><\/a><\/div>\r<!-- rt-button2 -->\r\r<!-- rt-button2 -->\r<div class=\"rt-button2 element-two hover-style-three ex40080601aa4b098  \"  data-button-direction=\"center\" data-button-fullwidth=\"false\"  data-button-icon-position=\"left\"><a style=\"font-family:Oswald; font-weight:400; font-style:normal; \" class=\"rt-button2-main  vc_custom_1774964098912\" href=\"https:\/\/martikomerc.sk\/index.php\/sauer-spv-smf-pumps-motors-2\/\" title=\"\" target=\" _blank\"><div class=\"overlay\"><\/div><div class=\"placeholder\"><i class=\"fa fa-plus\"><\/i>Kliknite TU pre inform\u00e1cie o motoroch<\/div><\/a><\/div>\r<!-- rt-button2 -->\r\r<!-- rt-button2 -->\r<div class=\"rt-button2 element-two hover-style-three ex33481e38121ad2a  \"  data-button-direction=\"center\" data-button-fullwidth=\"false\"  data-button-icon-position=\"left\"><a style=\"font-family:Oswald; font-weight:400; font-style:normal; \" class=\"rt-button2-main  vc_custom_1774964150920\" href=\"https:\/\/martikomerc.sk\/index.php\/concrete-mix-gearbox-ep-tmg\/\" title=\"\" target=\" _blank\"><div class=\"overlay\"><\/div><div class=\"placeholder\"><i class=\"fa fa-plus\"><\/i>Kiknite TU pre viac inform\u00e1cii o prevodovk\u00e1ch<\/div><\/a><\/div>\r<!-- rt-button2 -->\r[\/vc_column][\/vc_row][vc_row][vc_column][vc_empty_space height=&#8221;5px&#8221; css=&#8221;.vc_custom_1542487423591{background-color: #dd3333 !important;}&#8221;][vc_empty_space height=&#8221;5px&#8221; css=&#8221;.vc_custom_1542487423591{background-color: #dd3333 !important;}&#8221;][vc_empty_space][vc_custom_heading text=&#8221;Bosch-Rexroth&#8221; google_fonts=&#8221;font_family:Oswald%3A300%2Cregular%2C700|font_style:400%20regular%3A400%3Anormal&#8221;][vc_empty_space][\/vc_column][\/vc_row][vc_row][vc_column width=&#8221;1\/3&#8243;][vc_single_image image=&#8221;2759&#8243; img_size=&#8221;full&#8221;][\/vc_column][vc_column width=&#8221;1\/3&#8243;][vc_single_image image=&#8221;2761&#8243; img_size=&#8221;full&#8221;][\/vc_column][vc_column width=&#8221;1\/3&#8243;][vc_single_image image=&#8221;2763&#8243; img_size=&#8221;full&#8221;][\/vc_column][\/vc_row][vc_row][vc_column width=&#8221;1\/2&#8243;][vc_empty_space][vc_column_text css=&#8221;.vc_custom_1774964340860{padding-top: 20px !important;padding-right: 20px !important;padding-bottom: 20px !important;padding-left: 20px !important;background-color: rgba(224,224,224,0.34) !important;*background-color: rgb(224,224,224) !important;}&#8221;]<\/p>\n<h3>Dod\u00e1vame kompletn\u00fd sortiment<\/h3>\n<p>hydrauliky Bosch Rexroth vr\u00e1tane:<\/p>\n<p>\u2013 Axi\u00e1lnych piestov\u00e9 \u010derpadl\u00e1 a motorov s variabiln\u00fdm a fixn\u00fdm objemom (A10VO, A2FO, A4VG, A7VO a mnoh\u00e9 \u010fal\u0161ie)<br \/>\n\u2013 Radi\u00e1lne piestov\u00e9 motory<\/p>\n<p>&#8211; Zuba\u010dky<\/p>\n<p>\u2013 Mobiln\u00e9 ovl\u00e1dacie prvky a ventily<br \/>\n\u2013 Kompaktn\u00e1 hydraulika<br \/>\n\u2013 Prevodovky a pr\u00edslu\u0161enstvo<\/p>\n<p>Pre v\u0161etky produkty Bosch Rexroth s\u00fa k dispoz\u00edcii n\u00e1hradn\u00e9 diely, opravy a servis.[\/vc_column_text][\/vc_column][vc_column width=&#8221;1\/2&#8243;]\r<!-- rt-button2 -->\r<div class=\"rt-button2 element-two hover-style-three ex7c8b27b452b90e9  \"  data-button-direction=\"center\" data-button-fullwidth=\"false\"  data-button-icon-position=\"left\"><a style=\"font-family:Oswald; font-weight:400; font-style:normal; \" class=\"rt-button2-main  vc_custom_1774964184929\" href=\"https:\/\/www.boschrexroth.com\/en\/xc\/\" title=\"\" target=\" _blank\" rel=\"noopener\"><div class=\"overlay\"><\/div><div class=\"placeholder\"><i class=\"fa fa-plus\"><\/i>Kliknite TU pre viac inform\u00e1cii<\/div><\/a><\/div>\r<!-- rt-button2 -->\r[\/vc_column][\/vc_row][vc_row][vc_column][vc_empty_space height=&#8221;5px&#8221; css=&#8221;.vc_custom_1542487423591{background-color: #dd3333 !important;}&#8221;][vc_empty_space height=&#8221;5px&#8221; css=&#8221;.vc_custom_1542487423591{background-color: #dd3333 !important;}&#8221;][vc_empty_space][vc_custom_heading text=&#8221;Linde Hydraulics&#8221; google_fonts=&#8221;font_family:Oswald%3A300%2Cregular%2C700|font_style:400%20regular%3A400%3Anormal&#8221;][vc_empty_space][\/vc_column][\/vc_row][vc_row][vc_column width=&#8221;1\/4&#8243;][vc_single_image image=&#8221;2782&#8243; img_size=&#8221;full&#8221;][\/vc_column][vc_column width=&#8221;1\/4&#8243;][vc_single_image image=&#8221;2784&#8243; img_size=&#8221;full&#8221;][\/vc_column][vc_column width=&#8221;1\/4&#8243;][vc_single_image image=&#8221;2786&#8243; img_size=&#8221;full&#8221;][\/vc_column][vc_column width=&#8221;1\/4&#8243;][vc_single_image image=&#8221;2788&#8243; img_size=&#8221;full&#8221;][\/vc_column][\/vc_row][vc_row][vc_column width=&#8221;1\/2&#8243;][vc_empty_space][vc_column_text css=&#8221;.vc_custom_1774964575203{padding-top: 20px !important;padding-right: 20px !important;padding-bottom: 20px !important;padding-left: 20px !important;background-color: rgba(224,224,224,0.34) !important;*background-color: rgb(224,224,224) !important;}&#8221;]<\/p>\n<h3>Dod\u00e1vame kompletn\u00fd sortimen<\/h3>\n<p>hydraulick\u00fdch syst\u00e9mov Linde vr\u00e1tane:<\/p>\n<p>\u2013 \u010cerpadl\u00e1 s fixn\u00fdm objemom<br \/>\n\u2013 Variabiln\u00e9 motory<\/p>\n<p>&#8211; Fixn\u00e9 motory<br \/>\n\u2013 Samoregula\u010dn\u00e9 \u010derpadl\u00e1<br \/>\n\u2013 Motory s regul\u00e1ciou tlaku<br \/>\n\u2013 Strednotlakov\u00e9 \u010derpadl\u00e1<br \/>\n\u2013 Ventily a ovl\u00e1dacie prvky<\/p>\n<p>Pre v\u0161etky hydraulick\u00e9 produkty Linde s\u00fa k dispoz\u00edcii n\u00e1hradn\u00e9 diely, opravy a servis.[\/vc_column_text][\/vc_column][vc_column width=&#8221;1\/2&#8243;]\r<!-- rt-button2 -->\r<div class=\"rt-button2 element-two hover-style-three ex7a862365908fc97  \"  data-button-direction=\"center\" data-button-fullwidth=\"false\"  data-button-icon-position=\"left\"><a style=\"font-family:Oswald; font-weight:400; font-style:normal; \" class=\"rt-button2-main  vc_custom_1542560315837\" href=\"https:\/\/www.linde-hydraulics.com\/en-gb\/\" title=\"\" target=\" _blank\" rel=\"noopener\"><div class=\"overlay\"><\/div><div class=\"placeholder\"><i class=\"fa fa-plus\"><\/i>Click here for more information<\/div><\/a><\/div>\r<!-- rt-button2 -->\r[\/vc_column][\/vc_row][vc_row][vc_column][vc_empty_space][vc_empty_space][\/vc_column][\/vc_row][vc_row][vc_column][vc_empty_space height=&#8221;5px&#8221; css=&#8221;.vc_custom_1542487423591{background-color: #dd3333 !important;}&#8221;][vc_empty_space height=&#8221;5px&#8221; css=&#8221;.vc_custom_1542487423591{background-color: #dd3333 !important;}&#8221;][vc_empty_space][vc_custom_heading text=&#8221;Eaton&#8221; google_fonts=&#8221;font_family:Oswald%3A300%2Cregular%2C700|font_style:400%20regular%3A400%3Anormal&#8221;][vc_empty_space][\/vc_column][\/vc_row][vc_row][vc_column width=&#8221;1\/3&#8243;][vc_single_image image=&#8221;2771&#8243; img_size=&#8221;full&#8221;][\/vc_column][vc_column width=&#8221;1\/3&#8243;][vc_single_image image=&#8221;2772&#8243; img_size=&#8221;full&#8221;][\/vc_column][vc_column width=&#8221;1\/3&#8243;][vc_single_image image=&#8221;2773&#8243; img_size=&#8221;full&#8221;][\/vc_column][\/vc_row][vc_row][vc_column width=&#8221;1\/2&#8243;][vc_empty_space][vc_column_text css=&#8221;.vc_custom_1774964697519{padding-top: 20px !important;padding-right: 20px !important;padding-bottom: 20px !important;padding-left: 20px !important;background-color: rgba(224,224,224,0.34) !important;*background-color: rgb(224,224,224) !important;}&#8221;]<\/p>\n<h4>Dod\u00e1vame kompletn\u00fd sortiment<\/h4>\n<p>hydraulick\u00fdch \u010derpadiel, motorov, ventilov, riadiacich jednotiek a pr\u00edslu\u0161enstva Eaton. Poskytujeme aj n\u00e1hradn\u00e9 diely, opravy a servis pre v\u0161etky hydraulick\u00e9 produkty Eaton.[\/vc_column_text][\/vc_column][vc_column width=&#8221;1\/2&#8243;]\r<!-- rt-button2 -->\r<div class=\"rt-button2 element-two hover-style-three ex11447d0b2977c92  \"  data-button-direction=\"center\" data-button-fullwidth=\"false\"  data-button-icon-position=\"left\"><a style=\"font-family:Oswald; font-weight:400; font-style:normal; \" class=\"rt-button2-main  vc_custom_1542560344452\" href=\"http:\/\/www.eaton.com\/us\/en-us.html\" title=\"\" target=\" _blank\" rel=\"noopener\"><div class=\"overlay\"><\/div><div class=\"placeholder\"><i class=\"fa fa-plus\"><\/i>Click here for more information<\/div><\/a><\/div>\r<!-- rt-button2 -->\r[\/vc_column][\/vc_row][vc_row][vc_column][vc_empty_space height=&#8221;5px&#8221; css=&#8221;.vc_custom_1542487423591{background-color: #dd3333 !important;}&#8221;][vc_empty_space height=&#8221;5px&#8221; css=&#8221;.vc_custom_1542487423591{background-color: #dd3333 !important;}&#8221;][vc_empty_space][vc_custom_heading text=&#8221;Kawasaki&#8221; google_fonts=&#8221;font_family:Oswald%3A300%2Cregular%2C700|font_style:400%20regular%3A400%3Anormal&#8221;][vc_empty_space][\/vc_column][\/vc_row][vc_row][vc_column width=&#8221;1\/3&#8243;][vc_single_image image=&#8221;2874&#8243; img_size=&#8221;full&#8221;][\/vc_column][vc_column width=&#8221;1\/3&#8243;][vc_single_image image=&#8221;2875&#8243; img_size=&#8221;full&#8221;][\/vc_column][vc_column width=&#8221;1\/3&#8243;][vc_single_image image=&#8221;2878&#8243; img_size=&#8221;full&#8221;][\/vc_column][\/vc_row][vc_row][vc_column width=&#8221;1\/2&#8243;][vc_empty_space][vc_column_text css=&#8221;.vc_custom_1774964748903{padding-top: 20px !important;padding-right: 20px !important;padding-bottom: 20px !important;padding-left: 20px !important;background-color: rgba(224,224,224,0.34) !important;*background-color: rgb(224,224,224) !important;}&#8221;]<\/p>\n<h3>Pon\u00fakame kompletn\u00fd sortiment<\/h3>\n<p>hydrauliky Kawasaki vr\u00e1tane hydraulick\u00fdch \u010derpadiel, motorov a ventilov. Pre v\u0161etky tieto produkty vieme zabezpe\u010di\u0165 n\u00e1hradn\u00e9 diely, opravy a servis.[\/vc_column_text][vc_column_text css=&#8221;.vc_custom_1774964826683{padding-top: 20px !important;padding-right: 20px !important;padding-bottom: 20px !important;padding-left: 20px !important;background-color: rgba(224,224,224,0.34) !important;*background-color: rgb(224,224,224) !important;}&#8221;]<strong>VIAC ZNA\u010cIEK<\/strong><\/p>\n<p>&nbsp;<\/p>\n<p><strong>Komatsu, Uchida, Dynapower, Mitsubishi, Poclain, Vickers, Char-Lynn, Atos, Caterpillar, Denison, Hansa-Flex, Hydac, Volvo a \u010fal\u0161ie\u2026<\/strong><\/p>\n<p>&nbsp;<\/p>\n<p>Pre viac inform\u00e1ci\u00ed o t\u00fdchto produktoch n\u00e1m po\u0161lite e-mail[\/vc_column_text]\r<!-- rt-button -->\r<div class=\"rt-button element-one hover-style-one \"  data-button-direction=\"center\" data-button-fullwidth=\"false\" ><a style=\"\" class=\"rt-button-main\" href=\"https:\/\/martikomerc.sk\/index.php\/sk\/kontakt\/\" title=\"\" target=\"_self\"><div class=\"overlay\"><\/div><div class=\"placeholder\">Kontaktujte n\u00e1s!<\/div><\/a><\/div>\r<!-- rt-button -->\r[\/vc_column][vc_column width=&#8221;1\/2&#8243;]\r<!-- rt-button2 -->\r<div class=\"rt-button2 element-two hover-style-three exec32faa88a24fba  \"  data-button-direction=\"center\" data-button-fullwidth=\"false\"  data-button-icon-position=\"left\"><a style=\"font-family:Oswald; font-weight:400; font-style:normal; \" class=\"rt-button2-main  vc_custom_1542560369314\" href=\"http:\/\/ww38.kawasakipmd.com\/\" title=\"\" target=\" _blank\" rel=\"noopener\"><div class=\"overlay\"><\/div><div class=\"placeholder\"><i class=\"fa fa-plus\"><\/i>Click here for more information<\/div><\/a><\/div>\r<!-- rt-button2 -->\r[\/vc_column][\/vc_row]<\/p>\n","protected":false},"excerpt":{"rendered":"<p>[vc_row css=&#8221;.vc_custom_1774964970800{padding-top: 25px !important;}&#8221;][vc_column][vc_column_text]Spolo\u010dnos\u0165 Martikomerc dod\u00e1va kompletn\u00fd sortiment hydraulick\u00fdch \u010derpadiel, motorov, ventilov a n\u00e1hradn\u00fdch dielov od popredn\u00fdch svetov\u00fdch v\u00fdrobcov. M\u00e1me na sklade origin\u00e1lne produkty OEM a kvalitn\u00e9 n\u00e1hradn\u00e9 komponenty, ktor\u00e9 s\u00fa k dispoz\u00edcii s r\u00fdchlym doru\u010den\u00edm do cel\u00e9ho sveta, po Slovensku zvy\u010dajne do 2dn\u00ed. Prezrite si n\u00e1\u0161 sortiment produktov ni\u017e\u0161ie alebo n\u00e1s kontaktujte s \u010d\u00edslom [&hellip;]<\/p>\n","protected":false},"author":1,"featured_media":2688,"parent":0,"menu_order":0,"comment_status":"closed","ping_status":"closed","template":"","meta":{"footnotes":""},"class_list":["post-2889","page","type-page","status-publish","has-post-thumbnail","hentry"],"_links":{"self":[{"href":"https:\/\/martikomerc.sk\/index.php\/wp-json\/wp\/v2\/pages\/2889","targetHints":{"allow":["GET"]}}],"collection":[{"href":"https:\/\/martikomerc.sk\/index.php\/wp-json\/wp\/v2\/pages"}],"about":[{"href":"https:\/\/martikomerc.sk\/index.php\/wp-json\/wp\/v2\/types\/page"}],"author":[{"embeddable":true,"href":"https:\/\/martikomerc.sk\/index.php\/wp-json\/wp\/v2\/users\/1"}],"replies":[{"embeddable":true,"href":"https:\/\/martikomerc.sk\/index.php\/wp-json\/wp\/v2\/comments?post=2889"}],"version-history":[{"count":9,"href":"https:\/\/martikomerc.sk\/index.php\/wp-json\/wp\/v2\/pages\/2889\/revisions"}],"predecessor-version":[{"id":3212,"href":"https:\/\/martikomerc.sk\/index.php\/wp-json\/wp\/v2\/pages\/2889\/revisions\/3212"}],"wp:featuredmedia":[{"embeddable":true,"href":"https:\/\/martikomerc.sk\/index.php\/wp-json\/wp\/v2\/media\/2688"}],"wp:attachment":[{"href":"https:\/\/martikomerc.sk\/index.php\/wp-json\/wp\/v2\/media?parent=2889"}],"curies":[{"name":"wp","href":"https:\/\/api.w.org\/{rel}","templated":true}]}}