{"id":2577,"date":"2018-11-17T18:09:51","date_gmt":"2018-11-17T17:09:51","guid":{"rendered":"http:\/\/martikomerc.sk\/?page_id=2577"},"modified":"2026-03-31T16:18:06","modified_gmt":"2026-03-31T14:18:06","slug":"o-nas","status":"publish","type":"page","link":"https:\/\/martikomerc.sk\/index.php\/sk\/o-nas\/","title":{"rendered":"O n\u00e1s"},"content":{"rendered":"<p>[vc_row full_width=&#8221;stretch_row&#8221; css=&#8221;.vc_custom_1521438105729{margin-top: 0px !important;margin-bottom: 0px !important;padding-top: 145px !important;padding-bottom: 145px !important;}&#8221;][vc_column width=&#8221;1\/2&#8243;][vc_custom_heading text=&#8221;Rob\u00edme 25+ rokov s hydraulikou&#8221; font_container=&#8221;tag:h3|font_size:40px|text_align:left|line_height:47px&#8221; use_theme_fonts=&#8221;yes&#8221; css=&#8221;.vc_custom_1774965820369{margin-top: 0px !important;margin-bottom: 0px !important;padding-top: 0px !important;padding-bottom: 25px !important;}&#8221;][vc_column_text]Od roku <strong>1997<\/strong> spolo\u010dnos\u0165 Martikomerc \u00faspe\u0161ne <strong>dod\u00e1va<\/strong> <strong>hydraulick\u00e9<\/strong> <strong>komponenty<\/strong> a <strong>poskytuje<\/strong> <strong>oprav\u00e1rensk\u00e9<\/strong> <strong>slu\u017eby<\/strong> z\u00e1kazn\u00edkom <strong>po<\/strong> celom <strong>svete<\/strong>. Od za\u010diatku sme sa zameriavali na dod\u00e1vky licencovan\u00fdch hydraulick\u00fdch komponentov Sauer-ZTS, konkr\u00e9tne \u010derpadiel <strong>SPV<\/strong> a motorov <strong>SMF<\/strong> (s\u00e9ria 20), spolu s ich n\u00e1hradn\u00fdmi dielmi, opravami a servisom.<\/p>\n<p>&nbsp;<\/p>\n<p>V priebehu rokov sme, <strong>motivovan\u00ed potrebami na\u0161ich z\u00e1kazn\u00edkov<\/strong>, neust\u00e1le <strong>roz\u0161irovali<\/strong> n\u00e1\u0161 <strong>sortiment<\/strong>. Dnes <strong>dod\u00e1vame<\/strong>, vyv\u00e1\u017eame a <strong>servisujeme<\/strong> hydraulick\u00e9 <strong>komponenty<\/strong> od mnoh\u00fdch popredn\u00fdch svetov\u00fdch v\u00fdrobcov, vr\u00e1tane <strong>Danfoss<\/strong> (Sauer-Danfoss), <strong>Bosch<\/strong> <strong>Rexroth<\/strong>, Linde, Eaton, Kawasaki, Parker, Atos, Komatsu, Uchida, Dynapower, Poclain, Hansa-Flex, Hydac <strong>a \u010fal\u0161\u00edch<\/strong>.<\/p>\n<p>&nbsp;<\/p>\n<p>Sme hrd\u00ed na to, \u017ee <strong>sme autorizovan\u00fdm servisn\u00fdm partnerom<\/strong> spolo\u010dnosti <strong>Danfoss<\/strong> (Sauer-Danfoss) \u2013 jedn\u00e9ho z popredn\u00fdch svetov\u00fdch v\u00fdrobcov hydraulick\u00fdch komponentov pre mobiln\u00e9 a priemyseln\u00e9 zariadenia.<\/p>\n<p>&nbsp;<\/p>\n<h3>\u010co pon\u00fakame<\/h3>\n<p>&nbsp;<\/p>\n<h6>Martikomerc poskytuje komplexn\u00e9 slu\u017eby v oblasti hydrauliky:<\/h6>\n<p>\u2013 <strong>Dod\u00e1vka<\/strong> a export <strong>origin\u00e1lnych<\/strong> a <strong>n\u00e1hradn\u00fdch<\/strong> hydraulick\u00fdch <strong>\u010derpadiel<\/strong>, <strong>motorov<\/strong>, <strong>ventilov<\/strong>, <strong>n\u00e1hradn\u00fdch<\/strong> <strong>dielov<\/strong> a pr\u00edslu\u0161enstva popredn\u00fdch zna\u010diek do cel\u00e9ho sveta<br \/>\n\u2013 <strong>Oprava<\/strong> a <strong>servis<\/strong> hydraulick\u00fdch <strong>\u010derpadiel<\/strong>, <strong>motorov<\/strong> a komponentov predov\u0161etk\u00fdm pre z\u00e1kazn\u00edkov na Slovensku a v susedn\u00fdch krajin\u00e1ch<br \/>\n\u2013 <strong>Okam\u017eit\u00e1<\/strong> <strong>v\u00fdmena<\/strong> po\u0161kodenej jednotky za otestovan\u00fa funk\u010dn\u00fa jednotku z n\u00e1\u0161ho skladu na niektor\u00e9 s\u00e9rie<br \/>\n\u2013 <strong>Kompletn\u00e1 ponuka<\/strong> n\u00e1hradn\u00fdch jednotiek <strong>SPV<\/strong>, <strong>SMF<\/strong> a <strong>SMV<\/strong> a prevodoviek <strong>TMG<\/strong> (Sauer-Danfoss <strong>s\u00e9ria 20<\/strong>)<br \/>\n\u2013 <strong>Technick\u00e1 podpora<\/strong> pri v\u00fdbere spr\u00e1vneho komponentu pre va\u0161u aplik\u00e1ciu<br \/>\n\u2013 <strong>Testovanie<\/strong> \u2013 v\u0161etky opraven\u00e9 komponenty s\u00fa pred vr\u00e1ten\u00edm testovan\u00e9 na na\u0161ej vlastnej sk\u00fa\u0161obnej stolici[\/vc_column_text][\/vc_column][vc_column width=&#8221;1\/2&#8243;][vc_custom_heading text=&#8221;Ciele firmy&#8221; font_container=&#8221;tag:h3|font_size:40px|text_align:left|line_height:47px&#8221; use_theme_fonts=&#8221;yes&#8221; css=&#8221;.vc_custom_1542475563974{margin-top: 0px !important;margin-bottom: 0px !important;padding-top: 0px !important;padding-bottom: 25px !important;}&#8221;][vc_column_text]<\/p>\n<div id=\"boxy\">\n<div id=\"bigbox\">\n<div id=\"bigbox02\">\n<div class=\"box_text2\">\n<p>Na\u0161im cie\u013eom je by\u0165 partnerom v \u00faspechu svojich z\u00e1kazn\u00edkov. To znamen\u00e1:<\/p>\n<p>&nbsp;<\/p>\n<p>\u2013 <strong>Poskytovanie<\/strong> <strong>najkvalitnej\u0161\u00edch<\/strong> <strong>produktov<\/strong> a <strong>slu\u017eieb<\/strong> v \u010do <strong>najkrat\u0161om<\/strong> <strong>\u010dase<\/strong><br \/>\n\u2013 By\u0165 <strong>flexibiln\u00fd<\/strong> a reagova\u0165 na <strong>ka\u017ed\u00fa<\/strong> <strong>po\u017eiadavku<\/strong> z\u00e1kazn\u00edka<br \/>\n\u2013 Udr\u017eiava\u0165 <strong>vysok\u00e9<\/strong> skladov\u00e9 <strong>z\u00e1soby<\/strong>, aby ste <strong>nikdy zbyto\u010dne ne\u010dakali<\/strong><br \/>\n\u2013 Pou\u017e\u00edva\u0165 iba <strong>origin\u00e1lne<\/strong> alebo <strong>licencovan\u00e9<\/strong> <strong>diely<\/strong> pri v\u0161etk\u00fdch oprav\u00e1ch a mont\u00e1\u017each<br \/>\n\u2013 <strong>Ru\u010di\u0165<\/strong> za na\u0161u pr\u00e1cu <strong>plnou<\/strong> <strong>z\u00e1rukou<\/strong> kvality<\/p>\n<p>Na\u0161u <strong>reput\u00e1ciu<\/strong> sme si <strong>budovali <\/strong>viac ako <strong>25 rokov<\/strong> t\u00fdm, \u017ee ku ka\u017ed\u00e9mu z\u00e1kazn\u00edkovi, \u010di u\u017e ide o jedno\u010dlenn\u00fa firmu alebo ve\u013ek\u00fa priemyseln\u00fa spolo\u010dnos\u0165, <strong>pristupujeme<\/strong> s rovnakou <strong>r\u00fdchlos\u0165ou<\/strong>, <strong>spo\u013eahlivos\u0165ou<\/strong> a <strong>starostlivos\u0165ou<\/strong>.<\/p>\n<\/div>\n<\/div>\n<div id=\"bigbox03\"><\/div>\n<\/div>\n<div class=\"clear\"><\/div>\n<div class=\"clear\"><\/div>\n<\/div>\n<div class=\"footer\"><\/div>\n<p>[\/vc_column_text][vc_single_image image=&#8221;2467&#8243; img_size=&#8221;full&#8221;]\r<!-- rt-button -->\r<div class=\"rt-button element-one hover-style-one \"  data-button-direction=\"center\" data-button-fullwidth=\"false\" ><a style=\"\" class=\"rt-button-main\" href=\"https:\/\/martikomerc.sk\/index.php\/sk\/kontakt\/\"  title=\"\" target=\"_self\"><div class=\"overlay\"><\/div><div class=\"placeholder\">Kontaktujte n\u00e1s!<\/div><\/a><\/div>\r<!-- rt-button -->\r[\/vc_column][\/vc_row]<\/p>\n","protected":false},"excerpt":{"rendered":"<p>[vc_row full_width=&#8221;stretch_row&#8221; css=&#8221;.vc_custom_1521438105729{margin-top: 0px !important;margin-bottom: 0px !important;padding-top: 145px !important;padding-bottom: 145px !important;}&#8221;][vc_column width=&#8221;1\/2&#8243;][vc_custom_heading text=&#8221;Rob\u00edme 25+ rokov s hydraulikou&#8221; font_container=&#8221;tag:h3|font_size:40px|text_align:left|line_height:47px&#8221; use_theme_fonts=&#8221;yes&#8221; css=&#8221;.vc_custom_1774965820369{margin-top: 0px !important;margin-bottom: 0px !important;padding-top: 0px !important;padding-bottom: 25px !important;}&#8221;][vc_column_text]Od roku 1997 spolo\u010dnos\u0165 Martikomerc \u00faspe\u0161ne dod\u00e1va hydraulick\u00e9 komponenty a poskytuje oprav\u00e1rensk\u00e9 slu\u017eby z\u00e1kazn\u00edkom po celom svete. Od za\u010diatku sme sa zameriavali na dod\u00e1vky licencovan\u00fdch hydraulick\u00fdch komponentov Sauer-ZTS, [&hellip;]<\/p>\n","protected":false},"author":1,"featured_media":295,"parent":0,"menu_order":0,"comment_status":"closed","ping_status":"closed","template":"","meta":{"footnotes":""},"class_list":["post-2577","page","type-page","status-publish","has-post-thumbnail","hentry"],"_links":{"self":[{"href":"https:\/\/martikomerc.sk\/index.php\/wp-json\/wp\/v2\/pages\/2577","targetHints":{"allow":["GET"]}}],"collection":[{"href":"https:\/\/martikomerc.sk\/index.php\/wp-json\/wp\/v2\/pages"}],"about":[{"href":"https:\/\/martikomerc.sk\/index.php\/wp-json\/wp\/v2\/types\/page"}],"author":[{"embeddable":true,"href":"https:\/\/martikomerc.sk\/index.php\/wp-json\/wp\/v2\/users\/1"}],"replies":[{"embeddable":true,"href":"https:\/\/martikomerc.sk\/index.php\/wp-json\/wp\/v2\/comments?post=2577"}],"version-history":[{"count":6,"href":"https:\/\/martikomerc.sk\/index.php\/wp-json\/wp\/v2\/pages\/2577\/revisions"}],"predecessor-version":[{"id":3216,"href":"https:\/\/martikomerc.sk\/index.php\/wp-json\/wp\/v2\/pages\/2577\/revisions\/3216"}],"wp:featuredmedia":[{"embeddable":true,"href":"https:\/\/martikomerc.sk\/index.php\/wp-json\/wp\/v2\/media\/295"}],"wp:attachment":[{"href":"https:\/\/martikomerc.sk\/index.php\/wp-json\/wp\/v2\/media?parent=2577"}],"curies":[{"name":"wp","href":"https:\/\/api.w.org\/{rel}","templated":true}]}}