{"id":2567,"date":"2018-11-17T17:27:24","date_gmt":"2018-11-17T16:27:24","guid":{"rendered":"http:\/\/martikomerc.sk\/?page_id=2567"},"modified":"2026-03-31T14:14:12","modified_gmt":"2026-03-31T12:14:12","slug":"servis-a-oprava","status":"publish","type":"page","link":"https:\/\/martikomerc.sk\/index.php\/sk\/servis-a-oprava\/","title":{"rendered":"Servis"},"content":{"rendered":"<p>[vc_row full_width=&#8221;stretch_row&#8221; css=&#8221;.vc_custom_1774959246468{margin-top: 0px !important;margin-bottom: 0px !important;padding-top: 20px !important;padding-bottom: 145px !important;}&#8221;][vc_column width=&#8221;1\/2&#8243;][vc_custom_heading text=&#8221;Oprava a servis hydraulick\u00fdch \u010derpadiel a motorov&#8221; font_container=&#8221;tag:h3|font_size:40px|text_align:left|line_height:47px&#8221; use_theme_fonts=&#8221;yes&#8221; css=&#8221;.vc_custom_1774956738550{margin-top: 0px !important;margin-bottom: 0px !important;padding-top: 0px !important;padding-bottom: 25px !important;}&#8221;][vc_column_text]Martikomerc poskytuje <strong>profesion\u00e1lnu opravu, servis, testovanie a v\u00fdmenu<\/strong> hydraulick\u00fdch \u010derpadiel, motorov a <strong>v\u0161etk\u00fdch\u00adch hydraulick\u00fdch komponentov<\/strong>. Opravujeme zariadenia pre priemysel, mobiln\u00fa techniku, stavebn\u00ed\u00adctvo, po\u013enohospod\u00e1rstvo, lesn\u00edctvo a banstvo.<\/p>\n<p>&nbsp;<\/p>\n<p>Zna\u010dky a produkty, ktor\u00e9 opravujeme<\/p>\n<p>Sme <strong>certifikovan\u00fd<\/strong> servisn\u00fd <strong>partner<\/strong> pre <strong>Danfoss<\/strong> (Sauer-Danfoss) a opravujeme ich <strong>kompletn\u00fd<\/strong> <strong>sortiment<\/strong>. Opravujeme tie\u017e hydraulick\u00e9 komponenty <strong>v\u0161etk\u00fdch ostatn\u00fdch popredn\u00fdch zna\u010diek<\/strong>.<\/p>\n<p>&nbsp;<\/p>\n<p><strong>Danfoss \/ Sauer-Danfoss<\/strong><br \/>\nAxi\u00e1lne piestov\u00e9 \u010derpadl\u00e1 (H1, S90, S51, S40, SPV s\u00e9rie&#8230;), axi\u00e1lne piestov\u00e9 motory (SMF, SMV, S90, S51&#8230;), orbit\u00e1lne motory (OML, OMP, OMR, OMS, OMT, OMV&#8230;), PVG ventily, zubov\u00e9 \u010derpadl\u00e1 a motory a in\u00e9<\/p>\n<p>&nbsp;<\/p>\n<p><strong>Bosch Rexroth<\/strong><br \/>\nAxi\u00e1lne piestov\u00e9 \u010derpadl\u00e1 a motory (A10VO, A2FO, A4VG, A7VO&#8230;), zubov\u00e9 \u010derpadl\u00e1, radi\u00e1lne piestov\u00e9 motory, mobiln\u00e9 regul\u00e1na\u010dn\u00e9 ventily a in\u00e9<\/p>\n<p>&nbsp;<\/p>\n<p><strong>Ostatn\u00e9 zna\u010dky<\/strong><br \/>\nLinde \u00b7 Eaton \u00b7 Hydac \u00b7 Char-Lynn \u00b7 Kawasaki \u00b7 Komatsu \u00b7 Uchida \u00b7 Dynapower \u00b7 Mitsubishi \u00b7 Poclain \u00b7 Vickers \u00b7 Atos a mnoh\u00e9 \u010fal\u0161ie\u00ad<\/p>\n<p>&nbsp;<\/p>\n<p><strong>Orienta\u010dn\u00e9 term\u00ed\u00adny opr\u00e1v<\/strong><\/p>\n<p>Danfoss \/ Sauer-Danfoss s\u00e9ria 20 &#8211; 1-2 pracovn\u00e9 dni. Ostatn\u00e9 s\u00e9rie Danfoss \/ Sauer-Danfoss a ostatn\u00e9 zna\u010dky ako Bosch Rexroth, Linde, Eaton a in\u00e9 zvy\u010dajne do 1 t\u00fd\u017ed\u0148a, pod\u00c4\u013ea rozsahu po\u0161kodenia a dostupnosti n\u00e1hradn\u00fdch dielov.<\/p>\n<p>&nbsp;<\/p>\n<p>Disponujeme rozsiahlym v\u00fdmenn\u00fdm fondom \u010derpadiel a motorov Danfoss\/Sauer-Danfoss s\u00e9rii 20, 21, 22 a 23 k okam\u017eit\u00fdm v\u00fdmena, nech v\u00e1\u0161 stroj pracuje na\u010falej.<\/p>\n<p>&nbsp;<\/p>\n<p><strong>\u010casto kladen\u00e9 ot\u00e1zky<\/strong><\/p>\n<p><strong>-Ako dlho trv\u00e1 oprava hydraulick\u00e9ho \u010derpadla?<\/strong><br \/>\nPre Danfoss\/Sauer-Danfoss s\u00e9riu 20 je \u0161tandardn\u00e1 lehota 1-2 pracovn\u00e9 dni. Pre ostatn\u00e9 s\u00e9rie a zna\u010dky zvy\u010dajne do 1 t\u00fd\u017ed\u0148a, pod\u013ea rozsahu po\u0161kodenia.<\/p>\n<p><strong>-Opravujete v\u0161etky zna\u010dky hydraulick\u00fdch \u010derpadiel?<\/strong><br \/>\n\u00c1no. Sme certifikovan\u00fd partner pre Danfoss\/Sauer-Danfoss, ale opravujeme hydraulick\u00e9 \u010derpadl\u00e1 a motory v\u0161etk\u00fdch popredn\u00fdch hydraulick\u00fdch zna\u010diek ako napr\u00edkad Bosch Rexroth, Linde, Eaton, Kawasaki, Komatsu, Char-Lynn, Poclain, Vickers, Hydac, Volvo a in\u00e9<\/p>\n<p><strong>-Pou\u017e\u00ed\u00advate origin\u00e1lne n\u00e1hradn\u00e9 diely?<\/strong><br \/>\n\u00c1no. Pri v\u0161etk\u00fdch oprav\u00e1ch pou\u017e\u00ed\u00advame v\u00fdhradne origin\u00e1lne OEM alebo licencovan\u00e9 kvalitn\u00e9 n\u00e1hradn\u00e9 diely.<\/p>\n<p><strong>-M\u00f4\u017eem si vymeni\u0165 pokazen\u00e9 \u010derpadlo za funk\u010dn\u00e9?<\/strong><br \/>\n\u00c1no. Pri \u010derpadl\u00e1ch a motoroch Danfoss\/Sauer-Danfoss s\u00e9rii 20, 21, 22 a 23 disponujeme v\u00fdmenn\u00fdm fondom. Po\u0161koden\u00fd komponent vymen\u00edme za nov\u00fd funk\u010dn\u00fd kus okam\u017eite.<\/p>\n<p><strong>-Ako m\u00e1m posla\u0165 \u010derpadlo alebo motor na opravu?<\/strong><br \/>\nKontaktujte n\u00e1s na: <a href=\"mailto:kral@martikomerc.sk\">kral@martikomerc.sk<\/a> alebo na telef\u00f3nnom \u010d\u00ed\u00adsle +421 905 384 266. Porad\u00edme V\u00e1m s balen\u00edm, adresou a najr\u00fdchlej\u0161ou cestou, ako dostavi\u0165 komponent k n\u00e1m.[\/vc_column_text][\/vc_column][vc_column width=&#8221;1\/2&#8243;][vc_empty_space][vc_empty_space height=&#8221;50px&#8221;][vc_gallery interval=&#8221;3&#8243; images=&#8221;2818,2819,2820,2821,2822&#8243; img_size=&#8221;full&#8221;]\r<!-- rt-button -->\r<div class=\"rt-button element-one hover-style-one \"  data-button-direction=\"center\" data-button-fullwidth=\"false\" ><a style=\"\" class=\"rt-button-main\" href=\"https:\/\/martikomerc.sk\/index.php\/sk\/kontakt\/\"  title=\"\" target=\"_self\"><div class=\"overlay\"><\/div><div class=\"placeholder\">Chcem r\u00fdchly servis<\/div><\/a><\/div>\r<!-- rt-button -->\r[\/vc_column][\/vc_row]<\/p>\n","protected":false},"excerpt":{"rendered":"<p>[vc_row full_width=&#8221;stretch_row&#8221; css=&#8221;.vc_custom_1774959246468{margin-top: 0px !important;margin-bottom: 0px !important;padding-top: 20px !important;padding-bottom: 145px !important;}&#8221;][vc_column width=&#8221;1\/2&#8243;][vc_custom_heading text=&#8221;Oprava a servis hydraulick\u00fdch \u010derpadiel a motorov&#8221; font_container=&#8221;tag:h3|font_size:40px|text_align:left|line_height:47px&#8221; use_theme_fonts=&#8221;yes&#8221; css=&#8221;.vc_custom_1774956738550{margin-top: 0px !important;margin-bottom: 0px !important;padding-top: 0px !important;padding-bottom: 25px !important;}&#8221;][vc_column_text]Martikomerc poskytuje profesion\u00e1lnu opravu, servis, testovanie a v\u00fdmenu hydraulick\u00fdch \u010derpadiel, motorov a v\u0161etk\u00fdch\u00adch hydraulick\u00fdch komponentov. Opravujeme zariadenia pre priemysel, mobiln\u00fa techniku, stavebn\u00ed\u00adctvo, po\u013enohospod\u00e1rstvo, lesn\u00edctvo a banstvo. [&hellip;]<\/p>\n","protected":false},"author":1,"featured_media":2743,"parent":0,"menu_order":0,"comment_status":"closed","ping_status":"closed","template":"","meta":{"footnotes":""},"class_list":["post-2567","page","type-page","status-publish","has-post-thumbnail","hentry"],"_links":{"self":[{"href":"https:\/\/martikomerc.sk\/index.php\/wp-json\/wp\/v2\/pages\/2567","targetHints":{"allow":["GET"]}}],"collection":[{"href":"https:\/\/martikomerc.sk\/index.php\/wp-json\/wp\/v2\/pages"}],"about":[{"href":"https:\/\/martikomerc.sk\/index.php\/wp-json\/wp\/v2\/types\/page"}],"author":[{"embeddable":true,"href":"https:\/\/martikomerc.sk\/index.php\/wp-json\/wp\/v2\/users\/1"}],"replies":[{"embeddable":true,"href":"https:\/\/martikomerc.sk\/index.php\/wp-json\/wp\/v2\/comments?post=2567"}],"version-history":[{"count":13,"href":"https:\/\/martikomerc.sk\/index.php\/wp-json\/wp\/v2\/pages\/2567\/revisions"}],"predecessor-version":[{"id":3200,"href":"https:\/\/martikomerc.sk\/index.php\/wp-json\/wp\/v2\/pages\/2567\/revisions\/3200"}],"wp:featuredmedia":[{"embeddable":true,"href":"https:\/\/martikomerc.sk\/index.php\/wp-json\/wp\/v2\/media\/2743"}],"wp:attachment":[{"href":"https:\/\/martikomerc.sk\/index.php\/wp-json\/wp\/v2\/media?parent=2567"}],"curies":[{"name":"wp","href":"https:\/\/api.w.org\/{rel}","templated":true}]}}